{"id":172,"date":"2026-03-30T15:19:33","date_gmt":"2026-03-30T15:19:33","guid":{"rendered":"https:\/\/bbhbkg9.myrdbx.io\/?page_id=172"},"modified":"2026-03-30T21:50:17","modified_gmt":"2026-03-30T21:50:17","slug":"impressum","status":"publish","type":"page","link":"https:\/\/treasuremind.net\/en\/impressum\/","title":{"rendered":"Imprint"},"content":{"rendered":"<header class=\"bde-header-builder-172-129 bde-header-builder bde-header-builder--sticky-scroll-slide\">\n\n<div class=\"bde-header-builder__container\"><div class=\"bde-columns-172-130 bde-columns\"><div class=\"bde-column-172-131 bde-column\">\n  \n  \n\t\n\n\n\n<a class=\"bde-container-link-172-132 bde-container-link breakdance-link\" href=\"https:\/\/treasuremind.net\/en\/\" target=\"_self\" data-type=\"url\">\n  \n  \n\t\n\n\n\n<img decoding=\"async\" class=\"bde-image2-172-133 bde-image2\" src=\"https:\/\/treasuremind.net\/wp-content\/uploads\/2026\/03\/logo_treauremind_white.png\" srcset=\"https:\/\/treasuremind.net\/wp-content\/uploads\/2026\/03\/logo_treauremind_white.png 656w, https:\/\/treasuremind.net\/wp-content\/uploads\/2026\/03\/logo_treauremind_white-300x46.png 300w\" sizes=\"(max-width: 656px) 100vw, 656px\">\n\n<\/a>\n<\/div><div class=\"bde-column-172-134 bde-column\">\n  \n  \n\t\n\n\n\n<div class=\"bde-div-172-135 bde-div\">\n  \n  \n\t\n\n\n\n<div class=\"bde-button-172-136 bde-button\">\n    \n                                    \n    \n    \n    \n    \n            \n                    \n            \n            \n\n    \n    \n    \n    \n    \n    <a class=\"breakdance-link button-atom button-atom--primary bde-button__button\" href=\"https:\/\/treasuremind.net\/en\/#contact\" target=\"_self\" data-type=\"url\"  >\n\n    \n        <span class=\"button-atom__text\">Request an consultation<\/span>\n\n        \n        \n                <\/a>\n\n    \n\n\n<\/div><div class=\"bde-shortcode-172-137 bde-shortcode\"><nav class=\"tp-text-switcher\" data-no-translation><a href=\"https:\/\/treasuremind.net\/en\/wp-json\/wp\/v2\/pages\/172\" class=\"is-inactive\">DE<\/a><span class=\"sep\">|<\/span><a href=\"https:\/\/treasuremind.net\/en\/wp-json\/wp\/v2\/pages\/172\" class=\"is-inactive\">EN<\/a><\/nav><\/div>\n<\/div>\n<\/div><\/div><div class=\"bde-shortcode-172-138 bde-shortcode\"><nav class=\"tp-text-switcher\" data-no-translation><a href=\"https:\/\/treasuremind.net\/en\/wp-json\/wp\/v2\/pages\/172\" class=\"is-inactive\">DE<\/a><span class=\"sep\">|<\/span><a href=\"https:\/\/treasuremind.net\/en\/wp-json\/wp\/v2\/pages\/172\" class=\"is-inactive\">EN<\/a><\/nav><\/div><\/div>\n\n\n<\/header><section class=\"bde-section-172-109 bde-section\">\n  \n  \n\t\n\n\n\n<div class=\"section-container\"><div class=\"bde-rich-text-172-110 bde-rich-text breakdance-rich-text-styles\">\n<div class=\"elementor-element elementor-element-1bad18a0 abstand-m elementor-widget elementor-widget-heading\" data-id=\"1bad18a0\" data-element_type=\"widget\" data-widget_type=\"heading.default\">\n<div class=\"elementor-widget-container\">\n<div class=\"elementor-element elementor-element-d6b79c7 abstand-m elementor-widget elementor-widget-heading\" data-id=\"d6b79c7\" data-element_type=\"widget\" data-widget_type=\"heading.default\">\n<div class=\"elementor-widget-container\">\n<h1 class=\"elementor-heading-title elementor-size-default\">Imprint<\/h1>\n<\/div>\n<\/div>\n<div class=\"elementor-element elementor-element-726e0ad elementor-widget elementor-widget-text-editor\" data-id=\"726e0ad\" data-element_type=\"widget\" data-widget_type=\"text-editor.default\">\n<div class=\"elementor-widget-container\">\n<h3>Contact us<\/h3>\nmeco IT GmbH<br \/>Liebfrauenstra\u00dfe 8<br \/>88250 Weingarten<br \/><br \/>Commercial Register: HRB 745408<br \/>Register Court: Ulm<br \/><br \/>Managing Director: Norbert Hofmann<br \/><br \/>Phone:\u00a0<a href=\"tel:0049751791320\">+49 751 79132-0<\/a><br \/>Telefax: +49 751 79132-31<br \/>E-Mail:\u00a0<a href=\"mailto:info@meco-it.com\">info@meco-it.com<\/a>\n<h3>Sales tax ID<\/h3>\nSales tax identification number according to \u00a7 27 a of the Sales Tax Act: DE 193437520\n<h3>Consumer dispute resolution\/universal arbitration board<\/h3>\nWe are not willing or obliged to participate in dispute resolution proceedings before a consumer arbitration board.\n<h3>Liability for content<\/h3>\nAs a service provider, we are responsible for our own content on these pages, in accordance with Section 7, Paragraph 1 of the Telemedia Act (TMG), under general laws. However, pursuant to Sections 8 to 10 of the TMG, we as a service provider are not obligated to monitor transmitted or stored third-party information or to investigate circumstances that indicate illegal activity. Obligations to remove or block the use of information under general laws remain unaffected by this. However, liability in this regard is only possible from the time knowledge of a specific legal violation is obtained. Upon becoming aware of relevant legal violations, we will remove this content immediately.\n<h3>Liability for links<\/h3>\nOur offer contains links to external websites of third parties, over whose content we have no influence. Therefore, we cannot assume any liability for this external content. The respective provider or operator of the linked pages is always responsible for the content of the linked pages. The linked pages were checked for possible legal violations at the time of linking. Illegal content was not apparent at the time of linking. However, a permanent content control of the linked pages is not reasonable without concrete indications of a legal violation. As soon as we become aware of any legal infringements, we will remove such links immediately.\n<h3>Copyright<\/h3>\nThe content and works created by the site operators on these pages are subject to German copyright law. Duplication, processing, distribution, and any type of use beyond the limits of copyright law require the written consent of the respective author or creator. Downloads and copies of these pages are permitted only for private, non-commercial use. To the extent that the content on this site was not created by the operator, the copyrights of third parties will be observed. In particular, third-party content will be identified as such. Should you nevertheless become aware of a copyright infringement, please notify us accordingly. Upon notification of infringements, we will immediately remove such content.\n<h3>Website realization<\/h3>\n<a href=\"https:\/\/www.d-werk.com\/\" target=\"_blank\" rel=\"noopener\">d-werk.com<\/a><\/div>\n<\/div>\n<\/div>\n<\/div>\n<\/div><\/div>\n<\/section><section class=\"bde-section-172-139 bde-section\">\n  \n  \n\t\n\n\n\n<div class=\"section-container\"><div class=\"bde-columns-172-140 bde-columns\"><div class=\"bde-column-172-141 bde-column\">\n  \n  \n\t\n\n\n\n<h4 class=\"bde-heading-172-142 bde-heading\">\nTreating data like diamonds<br><br>\n<\/h4><div class=\"bde-columns-172-143 bde-columns\"><div class=\"bde-column-172-144 bde-column\">\n  \n  \n\t\n\n\n\n<div class=\"bde-text-172-145 bde-text\">\nNorbert Hofmann\n<\/div><img decoding=\"async\" class=\"bde-image2-172-146 bde-image2\" src=\"https:\/\/treasuremind.net\/wp-content\/uploads\/2026\/03\/logo_meco_c.svg\" loading=\"lazy\">\n<\/div><div class=\"bde-column-172-147 bde-column\">\n  \n  \n\t\n\n\n\n<img decoding=\"async\" class=\"bde-image2-172-148 bde-image2\" src=\"https:\/\/treasuremind.net\/wp-content\/uploads\/2026\/03\/diamond.png\" loading=\"lazy\" srcset=\"https:\/\/treasuremind.net\/wp-content\/uploads\/2026\/03\/diamond.png 388w, https:\/\/treasuremind.net\/wp-content\/uploads\/2026\/03\/diamond-260x300.png 260w\" sizes=\"(max-width: 388px) 100vw, 388px\">\n<\/div><div class=\"bde-column-172-149 bde-column\">\n  \n  \n\t\n\n\n\n<div class=\"bde-text-172-150 bde-text\">\nHeinz Rothe\n<\/div><img decoding=\"async\" class=\"bde-image2-172-151 bde-image2\" src=\"https:\/\/treasuremind.net\/wp-content\/uploads\/2026\/03\/logo_apartis_c.svg\" loading=\"lazy\">\n<\/div><\/div><div class=\"bde-columns-172-152 bde-columns\"><div class=\"bde-column-172-153 bde-column\">\n  \n  \n\t\n\n\n\n<div class=\"bde-rich-text-172-154 bde-rich-text breakdance-rich-text-styles\">\n<p>Care by <a href=\"https:\/\/linebyline.de\/\" target=\"_blank\" rel=\"noopener\">LinebyLine GmbH<\/a><\/p>\n<\/div>\n<\/div><div class=\"bde-column-172-155 bde-column\">\n  \n  \n\t\n\n\n\n<a class=\"bde-text-link-172-156 bde-text-link breakdance-link\" href=\"https:\/\/treasuremind.net\/en\/impressum\/\" target=\"_self\" data-type=\"url\">\n  Imprint\n\n<\/a><div class=\"bde-div-172-157 bde-div\">\n  \n  \n\t\n\n\n\n<a class=\"bde-text-link-172-158 bde-text-link breakdance-link\" href=\"https:\/\/treasuremind.net\/en\/datenschutz\/\" target=\"_self\" data-type=\"url\">\n  Data protection\n\n<\/a>\n<\/div>\n<\/div><\/div>\n<\/div><\/div><\/div>\n<\/section><section class=\"bde-section-172-159 bde-section\">\n  \n  \n\t\n\n\n\n<div class=\"section-container\"><div class=\"bde-columns-172-160 bde-columns\"><div class=\"bde-column-172-161 bde-column\">\n  \n  \n\t\n\n\n\n<div class=\"bde-rich-text-172-162 bde-rich-text breakdance-rich-text-styles\">\n<p>Care by <a href=\"https:\/\/linebyline.de\/\" target=\"_blank\" rel=\"noopener\">LinebyLine GmbH<\/a><\/p>\n<\/div>\n<\/div><div class=\"bde-column-172-163 bde-column\">\n  \n  \n\t\n\n\n\n<h4 class=\"bde-heading-172-164 bde-heading\">\nTreating data like diamonds<br><br>\n<\/h4><div class=\"bde-columns-172-165 bde-columns\"><div class=\"bde-column-172-166 bde-column\">\n  \n  \n\t\n\n\n\n<div class=\"bde-text-172-167 bde-text\">\nNorbert Hofmann\n<\/div><img decoding=\"async\" class=\"bde-image2-172-168 bde-image2\" src=\"https:\/\/treasuremind.net\/wp-content\/uploads\/2026\/03\/logo_meco_c.svg\" loading=\"lazy\">\n<\/div><div class=\"bde-column-172-169 bde-column\">\n  \n  \n\t\n\n\n\n<img decoding=\"async\" class=\"bde-image2-172-170 bde-image2\" src=\"https:\/\/treasuremind.net\/wp-content\/uploads\/2026\/03\/diamond.png\" loading=\"lazy\" srcset=\"https:\/\/treasuremind.net\/wp-content\/uploads\/2026\/03\/diamond.png 388w, https:\/\/treasuremind.net\/wp-content\/uploads\/2026\/03\/diamond-260x300.png 260w\" sizes=\"(max-width: 388px) 100vw, 388px\">\n<\/div><div class=\"bde-column-172-171 bde-column\">\n  \n  \n\t\n\n\n\n<div class=\"bde-text-172-172 bde-text\">\nHeinz Rothe\n<\/div><img decoding=\"async\" class=\"bde-image2-172-173 bde-image2\" src=\"https:\/\/treasuremind.net\/wp-content\/uploads\/2026\/03\/logo_apartis_c.svg\" loading=\"lazy\">\n<\/div><\/div>\n<\/div><div class=\"bde-column-172-174 bde-column\">\n  \n  \n\t\n\n\n\n<div class=\"bde-div-172-175 bde-div\">\n  \n  \n\t\n\n\n\n<a class=\"bde-text-link-172-176 bde-text-link breakdance-link\" href=\"https:\/\/treasuremind.net\/en\/impressum\/\" target=\"_self\" data-type=\"url\">\n  Imprint\n\n<\/a><a class=\"bde-text-link-172-177 bde-text-link breakdance-link\" href=\"https:\/\/treasuremind.net\/en\/datenschutz\/\" target=\"_self\" data-type=\"url\">\n  Data protection\n\n<\/a>\n<\/div>\n<\/div><\/div><\/div>\n<\/section>","protected":false},"excerpt":{"rendered":"<p>Erstberatung anfragen DE|EN DE|EN Impressum Kontakt meco IT GmbHLiebfrauenstra\u00dfe 888250 WeingartenHandelsregister: HRB 745408Registergericht: UlmGesch\u00e4ftsf\u00fchrer: Norbert HofmannTelefon:\u00a0+49 751 79132-0Telefax: +49 751 79132-31E-Mail:\u00a0info@meco-it.com Umsatzsteuer-ID Umsatzsteuer-Identifikationsnummer gem\u00e4\u00df \u00a7 27 a Umsatzsteuergesetz: DE 193437520 Verbraucher\u00adstreit\u00adbeilegung\/Universal\u00adschlichtungs\u00adstelle Wir sind nicht bereit oder verpflichtet, an Streitbeilegungsverfahren vor einer Verbraucherschlichtungsstelle teilzunehmen. Haftung f\u00fcr Inhalte Als Diensteanbieter sind wir gem\u00e4\u00df \u00a7 7 Abs.1 TMG [&hellip;]<\/p>\n","protected":false},"author":1,"featured_media":0,"parent":0,"menu_order":0,"comment_status":"closed","ping_status":"closed","template":"","meta":{"_breakdance_hide_in_design_set":false,"_breakdance_tags":"","footnotes":""},"class_list":["post-172","page","type-page","status-publish","hentry"],"_links":{"self":[{"href":"https:\/\/treasuremind.net\/en\/wp-json\/wp\/v2\/pages\/172","targetHints":{"allow":["GET"]}}],"collection":[{"href":"https:\/\/treasuremind.net\/en\/wp-json\/wp\/v2\/pages"}],"about":[{"href":"https:\/\/treasuremind.net\/en\/wp-json\/wp\/v2\/types\/page"}],"author":[{"embeddable":true,"href":"https:\/\/treasuremind.net\/en\/wp-json\/wp\/v2\/users\/1"}],"replies":[{"embeddable":true,"href":"https:\/\/treasuremind.net\/en\/wp-json\/wp\/v2\/comments?post=172"}],"version-history":[{"count":4,"href":"https:\/\/treasuremind.net\/en\/wp-json\/wp\/v2\/pages\/172\/revisions"}],"predecessor-version":[{"id":249,"href":"https:\/\/treasuremind.net\/en\/wp-json\/wp\/v2\/pages\/172\/revisions\/249"}],"wp:attachment":[{"href":"https:\/\/treasuremind.net\/en\/wp-json\/wp\/v2\/media?parent=172"}],"curies":[{"name":"wp","href":"https:\/\/api.w.org\/{rel}","templated":true}]}}